{"id":2881,"date":"2022-02-22T04:48:02","date_gmt":"2022-02-22T04:48:02","guid":{"rendered":"https:\/\/anza.techstride.space\/?post_type=product&#038;p=2881"},"modified":"2025-09-15T16:11:52","modified_gmt":"2025-09-15T16:11:52","slug":"chambre-amazighe","status":"publish","type":"product","link":"https:\/\/anza.techstride.space\/fr\/product\/chambre-amazighe\/","title":{"rendered":"Chambre priv\u00e9e Amazigh"},"content":{"rendered":"<h2>Un H\u00e9bergement Unique pour Une Exp\u00e9rience Authentique<\/h2>\n<p>D\u00e9couvrez la chambre priv\u00e9e amazighe, sp\u00e9cialement con\u00e7ue pour accueillir les couples en qu\u00eate d&rsquo;intimit\u00e9, de confort et d&rsquo;authenticit\u00e9. Situ\u00e9e dans un cadre paisible, cette chambre vous offre l&rsquo;opportunit\u00e9 de vivre une immersion exceptionnelle dans la culture amazighe, tout en b\u00e9n\u00e9ficiant de commodit\u00e9s modernes. Que vous soyez en vacances ou \u00e0 la recherche d&rsquo;une escapade romantique, cette chambre est parfaite pour cr\u00e9er des souvenirs inoubliables.<\/p>\n<h2>Confort Moderne et Grand Lit Priv\u00e9<\/h2>\n<p>Pour garantir votre bien-\u00eatre, la chambre priv\u00e9e amazighe est \u00e9quip\u00e9e d&rsquo;un grand lit qui assure des nuits paisibles et relaxantes. Le mobilier est soigneusement choisi pour allier esth\u00e9tique traditionnelle et fonctionnalit\u00e9. L&rsquo;espace est enti\u00e8rement priv\u00e9, assurant une tranquillit\u00e9 optimale pour partager des moments en toute s\u00e9r\u00e9nit\u00e9 avec votre partenaire. Ajoutant \u00e0 l&rsquo;exp\u00e9rience, des d\u00e9tails inspir\u00e9s de l&rsquo;artisanat amazighe apportent une touche chaleureuse et accueillante au d\u00e9cor.<\/p>\n<h2>Un Lieu Parfait pour Se Ressourcer<\/h2>\n<p>Si vous \u00eates \u00e0 la recherche de calme et de d\u00e9connexion, la chambre priv\u00e9e amazighe saura r\u00e9pondre \u00e0 vos attentes. La localisation de cette chambre garantit une ambiance apaisante, loin du tumulte quotidien. Vous pourrez profiter de la s\u00e9r\u00e9nit\u00e9 des environs pour vous d\u00e9tendre, vous reconnecter avec votre partenaire ou simplement vous reposer. Chaque \u00e9l\u00e9ment de la chambre est pens\u00e9 pour offrir une exp\u00e9rience r\u00e9paratrice unique, rendant votre s\u00e9jour m\u00e9morable.<\/p>\n<p>Faites le choix de d\u00e9couvrir cette chambre priv\u00e9e amazighe o\u00f9 intimit\u00e9, confort et culture se rencontrent pour offrir une exp\u00e9rience compl\u00e8te et enrichissante. R\u00e9servez d\u00e8s aujourd&rsquo;hui et laissez-vous s\u00e9duire par ce havre de paix adapt\u00e9 parfaitement aux couples.<\/p>\n","protected":false},"excerpt":{"rendered":"<p>With one plush King bed , this room has been designed and decorated to make you an comfort in a cozy space and help you to refresh in mind and body.<\/p>\n","protected":false},"featured_media":4345,"template":"","meta":[],"product_brand":[],"product_cat":[15],"product_tag":[],"class_list":{"0":"post-2881","1":"product","2":"type-product","3":"status-publish","4":"has-post-thumbnail","6":"product_cat-chambres","8":"first","9":"instock","10":"shipping-taxable","11":"purchasable","12":"product-type-ovabrw_car_rental"},"_links":{"self":[{"href":"https:\/\/anza.techstride.space\/fr\/wp-json\/wp\/v2\/product\/2881","targetHints":{"allow":["GET"]}}],"collection":[{"href":"https:\/\/anza.techstride.space\/fr\/wp-json\/wp\/v2\/product"}],"about":[{"href":"https:\/\/anza.techstride.space\/fr\/wp-json\/wp\/v2\/types\/product"}],"wp:featuredmedia":[{"embeddable":true,"href":"https:\/\/anza.techstride.space\/fr\/wp-json\/wp\/v2\/media\/4345"}],"wp:attachment":[{"href":"https:\/\/anza.techstride.space\/fr\/wp-json\/wp\/v2\/media?parent=2881"}],"wp:term":[{"taxonomy":"product_brand","embeddable":true,"href":"https:\/\/anza.techstride.space\/fr\/wp-json\/wp\/v2\/product_brand?post=2881"},{"taxonomy":"product_cat","embeddable":true,"href":"https:\/\/anza.techstride.space\/fr\/wp-json\/wp\/v2\/product_cat?post=2881"},{"taxonomy":"product_tag","embeddable":true,"href":"https:\/\/anza.techstride.space\/fr\/wp-json\/wp\/v2\/product_tag?post=2881"}],"curies":[{"name":"wp","href":"https:\/\/api.w.org\/{rel}","templated":true}]}}