{"id":2236,"date":"2022-02-15T07:29:41","date_gmt":"2022-02-15T07:29:41","guid":{"rendered":"https:\/\/anza.techstride.space\/?post_type=product&#038;p=2236"},"modified":"2025-09-11T02:13:57","modified_gmt":"2025-09-11T02:13:57","slug":"chambre-tayyurt","status":"publish","type":"product","link":"https:\/\/anza.techstride.space\/fr\/product\/chambre-tayyurt\/","title":{"rendered":"Chambre Tayyurt"},"content":{"rendered":"<h2>Une exp\u00e9rience de s\u00e9jour unique dans la Chambre Tayyurt<\/h2>\n<p>D\u00e9couvrez la Chambre Tayyurt, con\u00e7ue pour offrir \u00e0 ses invit\u00e9s une exp\u00e9rience conviviale et pratique. Parfaite pour les r\u00e9servations individuelles, cette chambre accueillante peut accueillir jusqu&rsquo;\u00e0 trois personnes gr\u00e2ce \u00e0 son am\u00e9nagement intelligent. Que vous planifiiez un s\u00e9jour en solo, entre amis, ou avec des coll\u00e8gues, la Chambre Tayyurt garantit confort et tranquillit\u00e9 dans un cadre partag\u00e9 mais intime.<\/p>\n<h2>Un espace pens\u00e9 pour votre confort et convivialit\u00e9<\/h2>\n<p>La Chambre Tayyurt se distingue par son agencement chaleureux et sa capacit\u00e9 d\u2019adaptation. Chaque lit est soigneusement dispos\u00e9 pour maximiser l\u2019espace sans compromettre la commodit\u00e9. Profitez de literie de qualit\u00e9, d\u2019un int\u00e9rieur propre et bien am\u00e9nag\u00e9, ainsi que d\u2019une atmosph\u00e8re propice \u00e0 la d\u00e9tente ou \u00e0 une bonne nuit de sommeil. Les espaces partag\u00e9s sont con\u00e7us pour offrir \u00e0 chacun son intimit\u00e9 tout en favorisant des interactions agr\u00e9ables entre les occupants.<\/p>\n<h2>R\u00e9servez selon vos besoins : flexibilit\u00e9 et accessibilit\u00e9<\/h2>\n<p>L\u2019un des grands avantages de la Chambre Tayyurt r\u00e9side dans son mode de r\u00e9servation par place. Que vous voyagiez seul ou avec un petit groupe, vous avez la libert\u00e9 de r\u00e9server uniquement votre place, rendant l\u2019option simple et abordable. En partant, vous b\u00e9n\u00e9ficiez d\u2019une configuration o\u00f9 qualit\u00e9 et prix raisonnable vont de pair. Parfait pour les voyageurs ayant besoin de flexibilit\u00e9 et cherchant une solution \u00e9conomique.<\/p>\n<p>Que vous soyez en d\u00e9placement d\u2019affaires, en vacances ou en s\u00e9jour court, la Chambre Tayyurt pour trois personnes s\u2019adapte \u00e0 vos besoins tout en vous offrant un espace confortable et accueillant. Ne manquez pas l\u2019occasion de profiter d\u2019une chambre con\u00e7ue pour le partage, sans sacrifier le confort individuel.<\/p>\n","protected":false},"excerpt":{"rendered":"<p>With one plush King bed , this room has been designed and decorated to make you an comfort in a cozy space and help you to refresh in mind and body.<\/p>\n","protected":false},"featured_media":4346,"template":"","meta":[],"product_brand":[],"product_cat":[15],"product_tag":[],"class_list":{"0":"post-2236","1":"product","2":"type-product","3":"status-publish","4":"has-post-thumbnail","6":"product_cat-chambres","8":"first","9":"instock","10":"featured","11":"shipping-taxable","12":"purchasable","13":"product-type-ovabrw_car_rental"},"_links":{"self":[{"href":"https:\/\/anza.techstride.space\/fr\/wp-json\/wp\/v2\/product\/2236","targetHints":{"allow":["GET"]}}],"collection":[{"href":"https:\/\/anza.techstride.space\/fr\/wp-json\/wp\/v2\/product"}],"about":[{"href":"https:\/\/anza.techstride.space\/fr\/wp-json\/wp\/v2\/types\/product"}],"wp:featuredmedia":[{"embeddable":true,"href":"https:\/\/anza.techstride.space\/fr\/wp-json\/wp\/v2\/media\/4346"}],"wp:attachment":[{"href":"https:\/\/anza.techstride.space\/fr\/wp-json\/wp\/v2\/media?parent=2236"}],"wp:term":[{"taxonomy":"product_brand","embeddable":true,"href":"https:\/\/anza.techstride.space\/fr\/wp-json\/wp\/v2\/product_brand?post=2236"},{"taxonomy":"product_cat","embeddable":true,"href":"https:\/\/anza.techstride.space\/fr\/wp-json\/wp\/v2\/product_cat?post=2236"},{"taxonomy":"product_tag","embeddable":true,"href":"https:\/\/anza.techstride.space\/fr\/wp-json\/wp\/v2\/product_tag?post=2236"}],"curies":[{"name":"wp","href":"https:\/\/api.w.org\/{rel}","templated":true}]}}