{"id":2232,"date":"2022-02-15T07:28:05","date_gmt":"2022-02-15T07:28:05","guid":{"rendered":"https:\/\/anza.techstride.space\/?post_type=product&#038;p=2232"},"modified":"2025-09-11T01:59:33","modified_gmt":"2025-09-11T01:59:33","slug":"chambre-anza-plaka","status":"publish","type":"product","link":"https:\/\/anza.techstride.space\/fr\/product\/chambre-anza-plaka\/","title":{"rendered":"Chambre Anza Plaka"},"content":{"rendered":"<h2>Un espace con\u00e7u pour accueillir jusqu&rsquo;\u00e0 cinq personnes<\/h2>\n<p>D\u00e9couvrez une chambre spacieuse et fonctionnelle, parfaite pour les groupes ou les familles. Combinant confort et praticit\u00e9, elle est am\u00e9nag\u00e9e pour offrir \u00e0 ses occupants une exp\u00e9rience agr\u00e9able et sans compromis. Que ce soit pour un s\u00e9jour touristique, un d\u00e9placement professionnel ou simplement un moment de d\u00e9tente, cet espace saura r\u00e9pondre \u00e0 vos besoins sp\u00e9cifiques.<\/p>\n<h2>Agr\u00e9ments inclus : lit simple et dortoir<\/h2>\n<p>La chambre est compos\u00e9e d&rsquo;un lit simple pour un repos individuel et d&rsquo;un dortoir accueillant, id\u00e9al pour les groupes de taille moyenne. Les lits sont soigneusement choisis pour garantir un sommeil optimal tout au long de la nuit. Cette configuration polyvalente vous permet de profiter \u00e0 la fois d&rsquo;intimit\u00e9 et de convivialit\u00e9, tout en optimisant l&rsquo;occupation de l&rsquo;espace.<\/p>\n<h2>Un cadre propice \u00e0 la d\u00e9tente<\/h2>\n<p>L&rsquo;am\u00e9nagement de la chambre a \u00e9t\u00e9 pens\u00e9 pour que chaque occupant se sente chez soi. Les espaces communs et le d\u00e9cor sont con\u00e7us pour \u00eatre accueillants et chaleureux, permettant aux visiteurs de se relaxer apr\u00e8s une journ\u00e9e bien remplie. Que vous soyez en train de profiter d&rsquo;un s\u00e9jour prolong\u00e9 ou d&rsquo;une courte escapade, vous appr\u00e9cierez l&rsquo;atmosph\u00e8re apaisante et les installations modernes adapt\u00e9es \u00e0 vos besoins.<\/p>\n","protected":false},"excerpt":{"rendered":"<p>Cette pi\u00e8ce unique, d\u00e9cor\u00e9e avec des motifs traditionnels et des \u00e9l\u00e9ments artisanaux, c\u00e9l\u00e8bre l\u2019h\u00e9ritage ancestral de la r\u00e9gion. Que vous soyez en qu\u00eate de d\u00e9tente ou d\u2019une immersion culturelle, Amazighia est le choix parfait pour une exp\u00e9rience m\u00e9morable<\/p>\n","protected":false},"featured_media":4342,"template":"","meta":[],"product_brand":[],"product_cat":[15],"product_tag":[],"class_list":{"0":"post-2232","1":"product","2":"type-product","3":"status-publish","4":"has-post-thumbnail","6":"product_cat-chambres","8":"first","9":"instock","10":"featured","11":"shipping-taxable","12":"purchasable","13":"product-type-ovabrw_car_rental"},"_links":{"self":[{"href":"https:\/\/anza.techstride.space\/fr\/wp-json\/wp\/v2\/product\/2232","targetHints":{"allow":["GET"]}}],"collection":[{"href":"https:\/\/anza.techstride.space\/fr\/wp-json\/wp\/v2\/product"}],"about":[{"href":"https:\/\/anza.techstride.space\/fr\/wp-json\/wp\/v2\/types\/product"}],"wp:featuredmedia":[{"embeddable":true,"href":"https:\/\/anza.techstride.space\/fr\/wp-json\/wp\/v2\/media\/4342"}],"wp:attachment":[{"href":"https:\/\/anza.techstride.space\/fr\/wp-json\/wp\/v2\/media?parent=2232"}],"wp:term":[{"taxonomy":"product_brand","embeddable":true,"href":"https:\/\/anza.techstride.space\/fr\/wp-json\/wp\/v2\/product_brand?post=2232"},{"taxonomy":"product_cat","embeddable":true,"href":"https:\/\/anza.techstride.space\/fr\/wp-json\/wp\/v2\/product_cat?post=2232"},{"taxonomy":"product_tag","embeddable":true,"href":"https:\/\/anza.techstride.space\/fr\/wp-json\/wp\/v2\/product_tag?post=2232"}],"curies":[{"name":"wp","href":"https:\/\/api.w.org\/{rel}","templated":true}]}}