{"id":2884,"date":"2022-02-22T04:49:45","date_gmt":"2022-02-22T04:49:45","guid":{"rendered":"https:\/\/anza.techstride.space\/?post_type=product&#038;p=2884"},"modified":"2025-09-11T01:51:24","modified_gmt":"2025-09-11T01:51:24","slug":"la-planche","status":"publish","type":"product","link":"https:\/\/anza.techstride.space\/en\/product\/la-planche\/","title":{"rendered":"Chambre Tafoukt"},"content":{"rendered":"<h2>Un espace accueillant con\u00e7u pour votre confort<\/h2>\n<p>La Chambre 2 Personne Tafoukt Dortoir est parfaite pour ceux qui recherchent un h\u00e9bergement simple, \u00e9conomique, mais dot\u00e9 de tout le n\u00e9cessaire pour un s\u00e9jour agr\u00e9able. Ce dortoir spacieux accueille deux personnes et offre une atmosph\u00e8re paisible, id\u00e9ale pour voyageurs, \u00e9tudiants ou toute personne appr\u00e9ciant un cadre fonctionnel et convivial.<\/p>\n<h2>\u00c9quipements pratiques pour r\u00e9pondre \u00e0 vos besoins<\/h2>\n<p>Que vous soyez en voyage ou en transit, cette chambre a \u00e9t\u00e9 pens\u00e9e pour optimiser votre confort. Elle est \u00e9quip\u00e9e de lits simples et d\u2019un mobilier essentiel, vous permettant de profiter pleinement de votre s\u00e9jour. Une salle de bain commune moderne est mise \u00e0 disposition pour une exp\u00e9rience sans compromis. De plus, l\u2019espace est entretenu avec soin, garantissant une propret\u00e9 irr\u00e9prochable.<\/p>\n<h2>Un emplacement strat\u00e9gique pour \u00e9conomiser et explorer<\/h2>\n<p>Situ\u00e9e dans un lieu accessible, la Chambre 2 Personne Tafoukt Dortoir vous rapproche des commodit\u00e9s locales et des destinations populaires. C\u2019est une option id\u00e9ale pour d\u00e9couvrir la r\u00e9gion sans d\u00e9passer votre budget. Que ce soit pour une nuit ou un s\u00e9jour plus long, ce logement r\u00e9pond aux attentes des voyageurs modernes tout en pr\u00e9servant une ambiance sereine et accueillante.<\/p>","protected":false},"excerpt":{"rendered":"<p>une chambre dortoir inspir\u00e9e par le surf, situ\u00e9e dans notre accueillante maison d&rsquo;h\u00f4tes \u00e0 Anza, Maroc. Plongez dans un univers o\u00f9 la passion de l&rsquo;oc\u00e9an rencontre une atmosph\u00e8re chaleureuse et conviviale<\/p>","protected":false},"featured_media":4333,"template":"","meta":[],"product_brand":[],"product_cat":[15],"product_tag":[],"class_list":{"0":"post-2884","1":"product","2":"type-product","3":"status-publish","4":"has-post-thumbnail","6":"product_cat-chambres","8":"first","9":"instock","10":"shipping-taxable","11":"purchasable","12":"product-type-ovabrw_car_rental"},"_links":{"self":[{"href":"https:\/\/anza.techstride.space\/en\/wp-json\/wp\/v2\/product\/2884","targetHints":{"allow":["GET"]}}],"collection":[{"href":"https:\/\/anza.techstride.space\/en\/wp-json\/wp\/v2\/product"}],"about":[{"href":"https:\/\/anza.techstride.space\/en\/wp-json\/wp\/v2\/types\/product"}],"wp:featuredmedia":[{"embeddable":true,"href":"https:\/\/anza.techstride.space\/en\/wp-json\/wp\/v2\/media\/4333"}],"wp:attachment":[{"href":"https:\/\/anza.techstride.space\/en\/wp-json\/wp\/v2\/media?parent=2884"}],"wp:term":[{"taxonomy":"product_brand","embeddable":true,"href":"https:\/\/anza.techstride.space\/en\/wp-json\/wp\/v2\/product_brand?post=2884"},{"taxonomy":"product_cat","embeddable":true,"href":"https:\/\/anza.techstride.space\/en\/wp-json\/wp\/v2\/product_cat?post=2884"},{"taxonomy":"product_tag","embeddable":true,"href":"https:\/\/anza.techstride.space\/en\/wp-json\/wp\/v2\/product_tag?post=2884"}],"curies":[{"name":"wp","href":"https:\/\/api.w.org\/{rel}","templated":true}]}}