{"id":55,"date":"2022-01-17T07:41:54","date_gmt":"2022-01-17T07:41:54","guid":{"rendered":"https:\/\/anza.techstride.space\/?page_id=55"},"modified":"2025-09-05T02:05:01","modified_gmt":"2025-09-05T02:05:01","slug":"about-us","status":"publish","type":"page","link":"https:\/\/anza.techstride.space\/en\/about-us\/","title":{"rendered":"About Us"},"content":{"rendered":"<div data-elementor-type=\"wp-page\" data-elementor-id=\"55\" class=\"elementor elementor-55\">\n\t\t\t\t\t\t<section class=\"elementor-section elementor-top-section elementor-element elementor-element-14a4c4f elementor-section-boxed elementor-section-height-default elementor-section-height-default\" data-id=\"14a4c4f\" data-element_type=\"section\">\n\t\t\t\t\t\t<div class=\"elementor-container elementor-column-gap-default\">\n\t\t\t\t\t<div class=\"elementor-column elementor-col-50 elementor-top-column elementor-element elementor-element-b1477a5\" data-id=\"b1477a5\" data-element_type=\"column\">\n\t\t\t<div class=\"elementor-widget-wrap elementor-element-populated\">\n\t\t\t\t\t\t<div class=\"elementor-element elementor-element-c9bb26a elementor-widget elementor-widget-hotelft_elementor_heading\" data-id=\"c9bb26a\" data-element_type=\"widget\" data-widget_type=\"hotelft_elementor_heading.default\">\n\t\t\t\t<div class=\"elementor-widget-container\">\n\t\t\t\t\t\n\t\t \t<div class=\"ova-heading\">\n\t\t \t   <h2 class=\"title\">\t\t\t\t\t\t\t\t\t\t\tUn lieu d\u2019appartenance o\u00f9 chaque vague rapproche les \u00e2mes\t\t\t\t\t\t\t\t\t<\/h2>\t\t    <\/div>\n\n\t\t\t\t\t\t<\/div>\n\t\t\t\t<\/div>\n\t\t\t\t<div class=\"elementor-element elementor-element-c46c209 elementor-widget elementor-widget-hotelft_elementor_heading\" data-id=\"c46c209\" data-element_type=\"widget\" data-widget_type=\"hotelft_elementor_heading.default\">\n\t\t\t\t<div class=\"elementor-widget-container\">\n\t\t\t\t\t\n\t\t \t<div class=\"ova-heading\">\n\t\t \t   <h2 class=\"title\">\t\t\t\t\t\t\t\t\t\t\tPartager l\u2019instant, cr\u00e9er des souvenirs\t\t\t\t\t\t\t\t\t<\/h2>\t\t    <\/div>\n\n\t\t\t\t\t\t<\/div>\n\t\t\t\t<\/div>\n\t\t\t\t\t<\/div>\n\t\t<\/div>\n\t\t\t\t<div class=\"elementor-column elementor-col-50 elementor-top-column elementor-element elementor-element-5c8fa6c\" data-id=\"5c8fa6c\" data-element_type=\"column\">\n\t\t\t<div class=\"elementor-widget-wrap elementor-element-populated\">\n\t\t\t\t\t\t<div class=\"elementor-element elementor-element-b5baf9f elementor-widget elementor-widget-text-editor\" data-id=\"b5baf9f\" data-element_type=\"widget\" data-widget_type=\"text-editor.default\">\n\t\t\t\t\t\t\t\t\t<p>Bienvenue \u00e0 <strong>Anza Surf Experience<\/strong>, o\u00f9 passion, confort et convivialit\u00e9 s\u2019unissent pour cr\u00e9er une exp\u00e9rience unique. Ici, chaque instant compte et chaque rencontre raconte une histoire. Notre engagement est de vous offrir un cadre authentique, o\u00f9 l\u2019esprit surf se vit au quotidien, entre nature, partage et s\u00e9r\u00e9nit\u00e9.<\/p>\t\t\t\t\t\t\t\t<\/div>\n\t\t\t\t\t<\/div>\n\t\t<\/div>\n\t\t\t\t\t<\/div>\n\t\t<\/section>\n\t\t\t\t<section class=\"elementor-section elementor-top-section elementor-element elementor-element-dc38353 elementor-section-full_width elementor-section-height-default elementor-section-height-default\" data-id=\"dc38353\" data-element_type=\"section\">\n\t\t\t\t\t\t<div class=\"elementor-container elementor-column-gap-no\">\n\t\t\t\t\t<div class=\"elementor-column elementor-col-100 elementor-top-column elementor-element elementor-element-9a592f0\" data-id=\"9a592f0\" data-element_type=\"column\">\n\t\t\t<div class=\"elementor-widget-wrap elementor-element-populated\">\n\t\t\t\t\t\t<div class=\"elementor-element elementor-element-c62ba6d elementor-widget elementor-widget-hotelft_elementor_simple_image_carousel\" data-id=\"c62ba6d\" data-element_type=\"widget\" data-settings=\"{&quot;pause_on_hover&quot;:&quot;yes&quot;,&quot;infinite&quot;:&quot;yes&quot;,&quot;autoplay&quot;:&quot;yes&quot;,&quot;dot_control&quot;:&quot;yes&quot;}\" data-widget_type=\"hotelft_elementor_simple_image_carousel.default\">\n\t\t\t\t<div class=\"elementor-widget-container\">\n\t\t\t\t\t          \n           <div class=\"ova-simple-image-carousel\">\n\n\t\t\t\t<div class=\"simple-image-carousel owl-carousel owl-theme\" data-options=\"{&quot;items&quot;:1,&quot;slideBy&quot;:1,&quot;margin&quot;:30,&quot;stagePadding&quot;:380,&quot;autoplayHoverPause&quot;:true,&quot;loop&quot;:true,&quot;autoplay&quot;:true,&quot;autoWidth&quot;:false,&quot;autoplayTimeout&quot;:3000,&quot;smartSpeed&quot;:500,&quot;rtl&quot;:false,&quot;dots&quot;:true,&quot;nav&quot;:false,&quot;nav_left&quot;:&quot;flaticon flaticon-left&quot;,&quot;nav_right&quot;:&quot;flaticon flaticon-right-arrow&quot;}\">\n\t\t\t\t\t\n\t                        \n\t\t\t\t\t\t\t\t<div class=\"item\">\n\t\t\t\t\t\t\t\t\t<div class=\"simple-image-carousel-img\">\n\t\t\t\t\t\t\t\t\t\t<img decoding=\"async\" src=\"https:\/\/anza.techstride.space\/wp-content\/uploads\/2022\/01\/aboutUs-carousel-01.jpg\" alt=\"\">\n\t\t\t\t\t\t\t\t\t\t\t\t\t\t\t\t\t\t\t<\/div>\n\t\t\t\t\t\t\t\t<\/div>\n\t\t\t\t\t\t\t\t\n\t\t\t\t\t\t\t\n\t\t\t\t\t\n\t                        \n\t\t\t\t\t\t\t\t<div class=\"item\">\n\t\t\t\t\t\t\t\t\t<div class=\"simple-image-carousel-img\">\n\t\t\t\t\t\t\t\t\t\t<img decoding=\"async\" src=\"https:\/\/anza.techstride.space\/wp-content\/uploads\/2022\/01\/aboutUs-carousel-02.jpg\" alt=\"\">\n\t\t\t\t\t\t\t\t\t\t\t\t\t\t\t\t\t\t\t<\/div>\n\t\t\t\t\t\t\t\t<\/div>\n\t\t\t\t\t\t\t\t\n\t\t\t\t\t\t\t\n\t\t\t\t\t\n\t                        \n\t\t\t\t\t\t\t\t<div class=\"item\">\n\t\t\t\t\t\t\t\t\t<div class=\"simple-image-carousel-img\">\n\t\t\t\t\t\t\t\t\t\t<img decoding=\"async\" src=\"https:\/\/anza.techstride.space\/wp-content\/uploads\/2022\/01\/aboutUs-carousel-03.jpg\" alt=\"\">\n\t\t\t\t\t\t\t\t\t\t\t\t\t\t\t\t\t\t\t<\/div>\n\t\t\t\t\t\t\t\t<\/div>\n\t\t\t\t\t\t\t\t\n\t\t\t\t\t\t\t\n\t\t\t\t\t\n\t\t\t\t<\/div>\n\n\t\t\t<\/div>\n\t\t \t\n\t\t\t\t\t\t<\/div>\n\t\t\t\t<\/div>\n\t\t\t\t\t<\/div>\n\t\t<\/div>\n\t\t\t\t\t<\/div>\n\t\t<\/section>\n\t\t\t\t<section class=\"elementor-section elementor-top-section elementor-element elementor-element-fc825a6 elementor-section-boxed elementor-section-height-default elementor-section-height-default\" data-id=\"fc825a6\" data-element_type=\"section\">\n\t\t\t\t\t\t<div class=\"elementor-container elementor-column-gap-default\">\n\t\t\t\t\t<div class=\"elementor-column elementor-col-100 elementor-top-column elementor-element elementor-element-68711b4\" data-id=\"68711b4\" data-element_type=\"column\">\n\t\t\t<div class=\"elementor-widget-wrap elementor-element-populated\">\n\t\t\t\t\t\t<div class=\"elementor-element elementor-element-4221934 elementor-widget elementor-widget-hotelft_elementor_heading\" data-id=\"4221934\" data-element_type=\"widget\" data-widget_type=\"hotelft_elementor_heading.default\">\n\t\t\t\t<div class=\"elementor-widget-container\">\n\t\t\t\t\t\n\t\t \t<div class=\"ova-heading\">\n\t\t \t   <h2 class=\"title\">\t\t\t\t\t\t\t\t\t\t\tPourquoi Nous Choisir\t\t\t\t\t\t\t\t\t<\/h2>\t\t    <\/div>\n\n\t\t\t\t\t\t<\/div>\n\t\t\t\t<\/div>\n\t\t\t\t<section class=\"elementor-section elementor-inner-section elementor-element elementor-element-88eae3e elementor-section-full_width elementor-section-height-default elementor-section-height-default\" data-id=\"88eae3e\" data-element_type=\"section\">\n\t\t\t\t\t\t<div class=\"elementor-container elementor-column-gap-default\">\n\t\t\t\t\t<div class=\"elementor-column elementor-col-33 elementor-inner-column elementor-element elementor-element-5a6d773\" data-id=\"5a6d773\" data-element_type=\"column\">\n\t\t\t<div class=\"elementor-widget-wrap elementor-element-populated\">\n\t\t\t\t\t\t<div class=\"elementor-element elementor-element-b59641d elementor-animation-float elementor-widget elementor-widget-hotelft_elementor_card\" data-id=\"b59641d\" data-element_type=\"widget\" data-widget_type=\"hotelft_elementor_card.default\">\n\t\t\t\t<div class=\"elementor-widget-container\">\n\t\t\t\t\t\n\t\t     \n\t            <div class=\"ova-card v1\">\n\n\t                \t\t            \t<div class=\"icon\">\n\t\t            \t\t<i class=\"fas fa-hands-wash\"><\/i>\n\t\t            \t<\/div>\n\t\t            \n\t\t            \t\t\t\t\t\t<h3 class=\"title\">\n\t\t\t\t\t\t\tExp\u00e9rience Surf Authentique\t\t\t\t\t\t<\/h3>\n\t\t\t\t\t\n                    \t\t\t\t\t\t\t\t\t\t\t\t\t<p class=\"description\">\n\t\t\t\t\t\t\t\tIci, le surf est au c\u0153ur de tout : d\u00e9cor inspir\u00e9 par la mer, ambiance conviviale et passion partag\u00e9e.\n\n\t\t\t\t\t\t\t<\/p>\n\t\t\t\t\t\t\t\t\t\t\t\t\t\t\t\t\n\t\t\t    <\/div>\n\n\t\t   \t\t \t\n\t\t\t\t\t\t<\/div>\n\t\t\t\t<\/div>\n\t\t\t\t<div class=\"elementor-element elementor-element-89ca569 elementor-animation-float elementor-widget elementor-widget-hotelft_elementor_card\" data-id=\"89ca569\" data-element_type=\"widget\" data-widget_type=\"hotelft_elementor_card.default\">\n\t\t\t\t<div class=\"elementor-widget-container\">\n\t\t\t\t\t\n\t\t     \n\t            <div class=\"ova-card v1\">\n\n\t                \t\t            \t<div class=\"icon\">\n\t\t            \t\t<i class=\"icomoon icomoon-point\"><\/i>\n\t\t            \t<\/div>\n\t\t            \n\t\t            \t\t\t\t\t\t<h3 class=\"title\">\n\t\t\t\t\t\t\tEmplacement Id\u00e9al\t\t\t\t\t\t<\/h3>\n\t\t\t\t\t\n                    \t\t\t\t\t\t\t\t\t\t\t\t\t<p class=\"description\">\n\t\t\t\t\t\t\t\tSitu\u00e9s \u00e0 Anza, \u00e0 proximit\u00e9 imm\u00e9diate des meilleurs spots de surf, de la nature et des animations locales.\t\t\t\t\t\t\t<\/p>\n\t\t\t\t\t\t\t\t\t\t\t\t\t\t\t\t\n\t\t\t    <\/div>\n\n\t\t   \t\t \t\n\t\t\t\t\t\t<\/div>\n\t\t\t\t<\/div>\n\t\t\t\t<div class=\"elementor-element elementor-element-75d9642 elementor-hidden-desktop elementor-animation-float elementor-widget elementor-widget-hotelft_elementor_card\" data-id=\"75d9642\" data-element_type=\"widget\" data-widget_type=\"hotelft_elementor_card.default\">\n\t\t\t\t<div class=\"elementor-widget-container\">\n\t\t\t\t\t\n\t\t     \n\t            <div class=\"ova-card v1\">\n\n\t                \t\t            \t<div class=\"icon\">\n\t\t            \t\t<i class=\"icomoon icomoon-offer\"><\/i>\n\t\t            \t<\/div>\n\t\t            \n\t\t            \t\t\t\t\t\t<h3 class=\"title\">\n\t\t\t\t\t\t\tSpecial Offers\t\t\t\t\t\t<\/h3>\n\t\t\t\t\t\n                    \t\t\t\t\t\t\t\t\t\t\t\t\t<p class=\"description\">\n\t\t\t\t\t\t\t\tHave special offers to help clients save money and receive special benefits.\t\t\t\t\t\t\t<\/p>\n\t\t\t\t\t\t\t\t\t\t\t\t\t\t\t\t\n\t\t\t    <\/div>\n\n\t\t   \t\t \t\n\t\t\t\t\t\t<\/div>\n\t\t\t\t<\/div>\n\t\t\t\t\t<\/div>\n\t\t<\/div>\n\t\t\t\t<div class=\"elementor-column elementor-col-33 elementor-inner-column elementor-element elementor-element-ec80627\" data-id=\"ec80627\" data-element_type=\"column\">\n\t\t\t<div class=\"elementor-widget-wrap elementor-element-populated\">\n\t\t\t\t\t\t<div class=\"elementor-element elementor-element-1756fe1 elementor-animation-float elementor-widget elementor-widget-hotelft_elementor_card\" data-id=\"1756fe1\" data-element_type=\"widget\" data-widget_type=\"hotelft_elementor_card.default\">\n\t\t\t\t<div class=\"elementor-widget-container\">\n\t\t\t\t\t\n\t\t     \n\t            <div class=\"ova-card v1\">\n\n\t                \t\t            \t<div class=\"icon\">\n\t\t            \t\t<i class=\"fas fa-people-carry\"><\/i>\n\t\t            \t<\/div>\n\t\t            \n\t\t            \t\t\t\t\t\t<h3 class=\"title\">\n\t\t\t\t\t\t\tConfort et Chaleur\t\t\t\t\t\t<\/h3>\n\t\t\t\t\t\n                    \t\t\t\t\t\t\t\t\t\t\t\t\t<p class=\"description\">\n\t\t\t\t\t\t\t\tDes espaces pens\u00e9s pour votre bien-\u00eatre, avec des chambres cosy, des zones communes accueillantes, et un rooftop pour se d\u00e9tendre sous les \u00e9toiles.\t\t\t\t\t\t\t<\/p>\n\t\t\t\t\t\t\t\t\t\t\t\t\t\t\t\t\n\t\t\t    <\/div>\n\n\t\t   \t\t \t\n\t\t\t\t\t\t<\/div>\n\t\t\t\t<\/div>\n\t\t\t\t<div class=\"elementor-element elementor-element-66e635e elementor-animation-float elementor-widget elementor-widget-hotelft_elementor_card\" data-id=\"66e635e\" data-element_type=\"widget\" data-widget_type=\"hotelft_elementor_card.default\">\n\t\t\t\t<div class=\"elementor-widget-container\">\n\t\t\t\t\t\n\t\t     \n\t            <div class=\"ova-card v1\">\n\n\t                \t\t            \t<div class=\"icon\">\n\t\t            \t\t<i class=\"icomoon icomoon-wifi\"><\/i>\n\t\t            \t<\/div>\n\t\t            \n\t\t            \t\t\t\t\t\t<h3 class=\"title\">\n\t\t\t\t\t\t\tConnexion Rapide et Fiable\t\t\t\t\t\t<\/h3>\n\t\t\t\t\t\n                    \t\t\t\t\t\t\t\t\t\t\t\t\t<p class=\"description\">\n\t\t\t\t\t\t\t\tLe Wi-Fi performant vous permet de rester connect\u00e9, que ce soit pour travailler ou partager vos aventures en temps r\u00e9el.\t\t\t\t\t\t\t<\/p>\n\t\t\t\t\t\t\t\t\t\t\t\t\t\t\t\t\n\t\t\t    <\/div>\n\n\t\t   \t\t \t\n\t\t\t\t\t\t<\/div>\n\t\t\t\t<\/div>\n\t\t\t\t<div class=\"elementor-element elementor-element-67ae38c elementor-hidden-desktop elementor-animation-float elementor-widget elementor-widget-hotelft_elementor_card\" data-id=\"67ae38c\" data-element_type=\"widget\" data-widget_type=\"hotelft_elementor_card.default\">\n\t\t\t\t<div class=\"elementor-widget-container\">\n\t\t\t\t\t\n\t\t     \n\t            <div class=\"ova-card v1\">\n\n\t                \t\t            \t<div class=\"icon\">\n\t\t            \t\t<i class=\"icomoon icomoon-housekeeper\"><\/i>\n\t\t            \t<\/div>\n\t\t            \n\t\t            \t\t\t\t\t\t<h3 class=\"title\">\n\t\t\t\t\t\t\tFriendly Staff\t\t\t\t\t\t<\/h3>\n\t\t\t\t\t\n                    \t\t\t\t\t\t\t\t\t\t\t\t\t<p class=\"description\">\n\t\t\t\t\t\t\t\tOur staff are helpful. They respond all questions of clients in a happy way.\t\t\t\t\t\t\t<\/p>\n\t\t\t\t\t\t\t\t\t\t\t\t\t\t\t\t\n\t\t\t    <\/div>\n\n\t\t   \t\t \t\n\t\t\t\t\t\t<\/div>\n\t\t\t\t<\/div>\n\t\t\t\t\t<\/div>\n\t\t<\/div>\n\t\t\t\t<div class=\"elementor-column elementor-col-33 elementor-inner-column elementor-element elementor-element-b9748e9\" data-id=\"b9748e9\" data-element_type=\"column\">\n\t\t\t<div class=\"elementor-widget-wrap elementor-element-populated\">\n\t\t\t\t\t\t<div class=\"elementor-element elementor-element-665048d elementor-hidden-tablet elementor-hidden-mobile elementor-animation-float elementor-widget elementor-widget-hotelft_elementor_card\" data-id=\"665048d\" data-element_type=\"widget\" data-widget_type=\"hotelft_elementor_card.default\">\n\t\t\t\t<div class=\"elementor-widget-container\">\n\t\t\t\t\t\n\t\t     \n\t            <div class=\"ova-card v1\">\n\n\t                \t\t            \t<div class=\"icon\">\n\t\t            \t\t<i class=\"icomoon icomoon-housekeeper\"><\/i>\n\t\t            \t<\/div>\n\t\t            \n\t\t            \t\t\t\t\t\t<h3 class=\"title\">\n\t\t\t\t\t\t\tCommunaut\u00e9 Ouverte \u00e0 Tous\t\t\t\t\t\t<\/h3>\n\t\t\t\t\t\n                    \t\t\t\t\t\t\t\t\t\t\t\t\t<p class=\"description\">\n\t\t\t\t\t\t\t\tQue vous soyez solo, entre amis ou digital nomad, vous trouverez un lieu d\u2019\u00e9change, de rencontres et de partage.\t\t\t\t\t\t\t<\/p>\n\t\t\t\t\t\t\t\t\t\t\t\t\t\t\t\t\n\t\t\t    <\/div>\n\n\t\t   \t\t \t\n\t\t\t\t\t\t<\/div>\n\t\t\t\t<\/div>\n\t\t\t\t<div class=\"elementor-element elementor-element-cb8536a elementor-hidden-tablet elementor-hidden-mobile elementor-animation-float elementor-widget elementor-widget-hotelft_elementor_card\" data-id=\"cb8536a\" data-element_type=\"widget\" data-widget_type=\"hotelft_elementor_card.default\">\n\t\t\t\t<div class=\"elementor-widget-container\">\n\t\t\t\t\t\n\t\t     \n\t            <div class=\"ova-card v1\">\n\n\t                \t\t            \t<div class=\"icon\">\n\t\t            \t\t<i class=\"flaticon flaticon-fork\"><\/i>\n\t\t            \t<\/div>\n\t\t            \n\t\t            \t\t\t\t\t\t<h3 class=\"title\">\n\t\t\t\t\t\t\tRestaurant Authentique\t\t\t\t\t\t<\/h3>\n\t\t\t\t\t\n                    \t\t\t\t\t\t\t\t\t\t\t\t\t<p class=\"description\">\n\t\t\t\t\t\t\t\tSavourez une cuisine locale et saine, pr\u00e9par\u00e9e avec soin pour vous offrir \u00e9nergie et plaisir apr\u00e8s vos sessions de surf.\n\n\t\t\t\t\t\t\t<\/p>\n\t\t\t\t\t\t\t\t\t\t\t\t\t\t\t\t\n\t\t\t    <\/div>\n\n\t\t   \t\t \t\n\t\t\t\t\t\t<\/div>\n\t\t\t\t<\/div>\n\t\t\t\t\t<\/div>\n\t\t<\/div>\n\t\t\t\t\t<\/div>\n\t\t<\/section>\n\t\t\t\t\t<\/div>\n\t\t<\/div>\n\t\t\t\t\t<\/div>\n\t\t<\/section>\n\t\t\t\t<section class=\"elementor-section elementor-top-section elementor-element elementor-element-1b3ccc5 elementor-hidden-desktop elementor-hidden-tablet elementor-hidden-mobile elementor-section-boxed elementor-section-height-default elementor-section-height-default\" data-id=\"1b3ccc5\" data-element_type=\"section\" data-settings=\"{&quot;background_background&quot;:&quot;classic&quot;}\">\n\t\t\t\t\t\t<div class=\"elementor-container elementor-column-gap-default\">\n\t\t\t\t\t<div class=\"elementor-column elementor-col-100 elementor-top-column elementor-element elementor-element-c5cd462\" data-id=\"c5cd462\" data-element_type=\"column\">\n\t\t\t<div class=\"elementor-widget-wrap elementor-element-populated\">\n\t\t\t\t\t\t<div class=\"elementor-element elementor-element-11bab73 elementor-widget elementor-widget-hotelft_elementor_heading\" data-id=\"11bab73\" data-element_type=\"widget\" data-widget_type=\"hotelft_elementor_heading.default\">\n\t\t\t\t<div class=\"elementor-widget-container\">\n\t\t\t\t\t\n\t\t \t<div class=\"ova-heading\">\n\t\t \t   <h2 class=\"title\">\t\t\t\t\t\t\t\t\t\t\tAwards\t\t\t\t\t\t\t\t\t<\/h2>\t\t    <\/div>\n\n\t\t\t\t\t\t<\/div>\n\t\t\t\t<\/div>\n\t\t\t\t<section class=\"elementor-section elementor-inner-section elementor-element elementor-element-459fdc5 elementor-section-full_width elementor-section-height-default elementor-section-height-default\" data-id=\"459fdc5\" data-element_type=\"section\">\n\t\t\t\t\t\t<div class=\"elementor-container elementor-column-gap-default\">\n\t\t\t\t\t<div class=\"elementor-column elementor-col-33 elementor-inner-column elementor-element elementor-element-6cbec1c\" data-id=\"6cbec1c\" data-element_type=\"column\">\n\t\t\t<div class=\"elementor-widget-wrap elementor-element-populated\">\n\t\t\t\t\t\t<div class=\"elementor-element elementor-element-9062fe1 elementor-widget elementor-widget-hotelft_elementor_awards\" data-id=\"9062fe1\" data-element_type=\"widget\" data-widget_type=\"hotelft_elementor_awards.default\">\n\t\t\t\t<div class=\"elementor-widget-container\">\n\t\t\t\t\t            \n        <div class=\"ova-awards\">\n\n\t\t\t<div class=\"img\">\n\t\t\t\t<img decoding=\"async\" src=\"https:\/\/anza.techstride.space\/wp-content\/uploads\/2022\/01\/awards-01.png\" class=\"awards-img\" alt=\"Top choice\">\n\t\t\t<\/div>\n\n\t\t\t<div class=\"info\">\n\n\t\t\t\t\t\t\t\t\t<h2 class=\"title\">\n\t\t\t\t\t\t\t\t\t\t\t\t\tTop choice\t\t\t\t\t\t\t\t\t\t\t<\/h2>\n\t\t\t\t\n\t\t\t\t\t\t\t\t\t<p  class=\"description\">\n\t\t\t\t\t\tThe Award was presented by the national hospitality association in 1998.\t\t\t\t\t<\/p>\n\t\t\t\t\n\t\t\t<\/div>\n\t\t\t\n\t\t<\/div>\n\n\t\t\t\t\t\t<\/div>\n\t\t\t\t<\/div>\n\t\t\t\t\t<\/div>\n\t\t<\/div>\n\t\t\t\t<div class=\"elementor-column elementor-col-33 elementor-inner-column elementor-element elementor-element-8c48cf4\" data-id=\"8c48cf4\" data-element_type=\"column\">\n\t\t\t<div class=\"elementor-widget-wrap elementor-element-populated\">\n\t\t\t\t\t\t<div class=\"elementor-element elementor-element-65862b9 elementor-widget elementor-widget-hotelft_elementor_awards\" data-id=\"65862b9\" data-element_type=\"widget\" data-widget_type=\"hotelft_elementor_awards.default\">\n\t\t\t\t<div class=\"elementor-widget-container\">\n\t\t\t\t\t            \n        <div class=\"ova-awards\">\n\n\t\t\t<div class=\"img\">\n\t\t\t\t<img decoding=\"async\" src=\"https:\/\/anza.techstride.space\/wp-content\/uploads\/2022\/01\/awards-02.png\" class=\"awards-img\" alt=\"World luxury hotel\">\n\t\t\t<\/div>\n\n\t\t\t<div class=\"info\">\n\n\t\t\t\t\t\t\t\t\t<h2 class=\"title\">\n\t\t\t\t\t\t\t\t\t\t\t\t\tWorld luxury hotel\t\t\t\t\t\t\t\t\t\t\t<\/h2>\n\t\t\t\t\n\t\t\t\t\t\t\t\t\t<p  class=\"description\">\n\t\t\t\t\t\tThe Award was presented by the national hospitality association in 1998.\t\t\t\t\t<\/p>\n\t\t\t\t\n\t\t\t<\/div>\n\t\t\t\n\t\t<\/div>\n\n\t\t\t\t\t\t<\/div>\n\t\t\t\t<\/div>\n\t\t\t\t\t<\/div>\n\t\t<\/div>\n\t\t\t\t<div class=\"elementor-column elementor-col-33 elementor-inner-column elementor-element elementor-element-0dc2aae\" data-id=\"0dc2aae\" data-element_type=\"column\">\n\t\t\t<div class=\"elementor-widget-wrap elementor-element-populated\">\n\t\t\t\t\t\t<div class=\"elementor-element elementor-element-a067038 elementor-widget elementor-widget-hotelft_elementor_awards\" data-id=\"a067038\" data-element_type=\"widget\" data-widget_type=\"hotelft_elementor_awards.default\">\n\t\t\t\t<div class=\"elementor-widget-container\">\n\t\t\t\t\t            \n        <div class=\"ova-awards\">\n\n\t\t\t<div class=\"img\">\n\t\t\t\t<img decoding=\"async\" src=\"https:\/\/anza.techstride.space\/wp-content\/uploads\/2022\/01\/awards-03.png\" class=\"awards-img\" alt=\"Global Hotel\">\n\t\t\t<\/div>\n\n\t\t\t<div class=\"info\">\n\n\t\t\t\t\t\t\t\t\t<h2 class=\"title\">\n\t\t\t\t\t\t\t\t\t\t\t\t\tGlobal Hotel\t\t\t\t\t\t\t\t\t\t\t<\/h2>\n\t\t\t\t\n\t\t\t\t\t\t\t\t\t<p  class=\"description\">\n\t\t\t\t\t\tWe are honored to receive the global hotel award for our hard work in 2002.\t\t\t\t\t<\/p>\n\t\t\t\t\n\t\t\t<\/div>\n\t\t\t\n\t\t<\/div>\n\n\t\t\t\t\t\t<\/div>\n\t\t\t\t<\/div>\n\t\t\t\t\t<\/div>\n\t\t<\/div>\n\t\t\t\t\t<\/div>\n\t\t<\/section>\n\t\t\t\t\t<\/div>\n\t\t<\/div>\n\t\t\t\t\t<\/div>\n\t\t<\/section>\n\t\t\t\t<\/div>","protected":false},"excerpt":{"rendered":"<p>Un lieu d\u2019appartenance o\u00f9 chaque vague rapproche les \u00e2mes Partager l\u2019instant, cr\u00e9er des souvenirs Bienvenue \u00e0 Anza Surf Experience, o\u00f9 passion, confort et convivialit\u00e9 s\u2019unissent pour cr\u00e9er une exp\u00e9rience unique. Ici, chaque instant compte et chaque rencontre raconte une histoire. Notre engagement est de vous offrir un cadre authentique, o\u00f9 l\u2019esprit surf se vit au [&hellip;]<\/p>","protected":false},"author":1,"featured_media":1409,"parent":0,"menu_order":0,"comment_status":"closed","ping_status":"closed","template":"elementor_header_footer","meta":{"footnotes":""},"class_list":["post-55","page","type-page","status-publish","has-post-thumbnail","hentry"],"_links":{"self":[{"href":"https:\/\/anza.techstride.space\/en\/wp-json\/wp\/v2\/pages\/55","targetHints":{"allow":["GET"]}}],"collection":[{"href":"https:\/\/anza.techstride.space\/en\/wp-json\/wp\/v2\/pages"}],"about":[{"href":"https:\/\/anza.techstride.space\/en\/wp-json\/wp\/v2\/types\/page"}],"author":[{"embeddable":true,"href":"https:\/\/anza.techstride.space\/en\/wp-json\/wp\/v2\/users\/1"}],"replies":[{"embeddable":true,"href":"https:\/\/anza.techstride.space\/en\/wp-json\/wp\/v2\/comments?post=55"}],"version-history":[{"count":6,"href":"https:\/\/anza.techstride.space\/en\/wp-json\/wp\/v2\/pages\/55\/revisions"}],"predecessor-version":[{"id":4310,"href":"https:\/\/anza.techstride.space\/en\/wp-json\/wp\/v2\/pages\/55\/revisions\/4310"}],"wp:featuredmedia":[{"embeddable":true,"href":"https:\/\/anza.techstride.space\/en\/wp-json\/wp\/v2\/media\/1409"}],"wp:attachment":[{"href":"https:\/\/anza.techstride.space\/en\/wp-json\/wp\/v2\/media?parent=55"}],"curies":[{"name":"wp","href":"https:\/\/api.w.org\/{rel}","templated":true}]}}